{"id":19,"date":"2026-01-02T11:08:21","date_gmt":"2026-01-02T11:08:21","guid":{"rendered":"https:\/\/praxis-deiss.ch\/?page_id=19"},"modified":"2026-02-13T19:37:15","modified_gmt":"2026-02-13T19:37:15","slug":"simone-deiss","status":"publish","type":"page","link":"https:\/\/praxis-deiss.ch\/index.php\/simone-deiss\/","title":{"rendered":"Simone Deiss"},"content":{"rendered":"\n<div style=\"height:40px\" aria-hidden=\"true\" class=\"wp-block-spacer\"><\/div>\n\n\n\n<div class=\"wp-block-media-text is-stacked-on-mobile\" style=\"grid-template-columns:19% auto\"><figure class=\"wp-block-media-text__media\"><img loading=\"lazy\" decoding=\"async\" width=\"450\" height=\"496\" src=\"https:\/\/praxis-deiss.ch\/wp-content\/uploads\/2024\/03\/threema-20221006-095207793-2.jpg\" alt=\"\" class=\"wp-image-24 size-full\" srcset=\"https:\/\/praxis-deiss.ch\/wp-content\/uploads\/2024\/03\/threema-20221006-095207793-2.jpg 450w, https:\/\/praxis-deiss.ch\/wp-content\/uploads\/2024\/03\/threema-20221006-095207793-2-272x300.jpg 272w\" sizes=\"auto, (max-width: 450px) 100vw, 450px\" \/><\/figure><div class=\"wp-block-media-text__content\">\n<p class=\"has-black-color has-text-color has-link-color wp-elements-78e9d354fe3278f70c5e5b15a59450ec\" style=\"font-size:20px\">Voller Freude und mit Warmherzigkeit begleite ich, seit bald 30 Jahren, Menschen als Therapeutin auf ihrem Weg zu mehr Lebensqualit\u00e4t und zu sich selbst.<\/p>\n<\/div><\/div>\n\n\n\n<p><\/p>\n\n\n\n<p class=\"has-black-color has-text-color has-link-color wp-elements-971aa1bfad236b8e583a411963ead0cd\"><strong>Ausbildungen:<\/strong><\/p>\n\n\n\n<p><\/p>\n\n\n\n<p class=\"has-black-color has-text-color has-link-color wp-elements-b560ec3ceaed81c19bdece65941f3169\">3 Jahre zur Edg. dipl. Med. Masseurin SRK, B\u00fcndner med. Massagefachschule Davos (BMMD)<br>4 Jahre zur Dipl. Naturheilpraktikerin, Bodyfeet Aarau<br>Berufsbegleitend \u00fcber mehrere Jahre zur Cranio Sacral Therapeutin, Upledger Institut<br>5 Jahre Ausbildung in Osteopathie am Swiss international College of Osteopathy<\/p>\n\n\n\n<p class=\"has-black-color has-text-color has-link-color wp-elements-127dbb0e7488debbd0d3b0f03d6a3812\">Lebensschulung seit 1976<br><\/p>\n\n\n\n<p class=\"has-black-color has-text-color has-link-color wp-elements-a609fe2c32b4b78021d726c71771890c\"><strong>Mein Leben ausserhalb der Praxis:<\/strong><\/p>\n\n\n\n<p><\/p>\n\n\n\n<p class=\"has-black-color has-text-color has-link-color wp-elements-9ad98206a0d3bcde57c6e28d6f8f547c\">Als &#8222;bunter Hund&#8220; unter den Menschen bin ich gerne kreativ, besonders mit n\u00e4hen von Kleidern aus lebendigen afrikanischen Stoffen, geniesse Bewegung zu Fuss, auf dem Velo, tanzend oder schwimmend. Bin interessiert an den verschiedenen Kulturen und Lebensweisen der Menschen dieser Welt und bestaune gerne die Vielf\u00e4lltigkeit der Natur.<br><\/p>\n\n\n\n<p><\/p>\n","protected":false},"excerpt":{"rendered":"<p>Voller Freude und mit Warmherzigkeit begleite ich, seit bald 30 Jahren, Menschen als Therapeutin auf ihrem Weg zu mehr Lebensqualit\u00e4t und zu sich selbst. Ausbildungen: 3 Jahre zur Edg. dipl. Med. Masseurin SRK, B\u00fcndner med. Massagefachschule Davos (BMMD)4 Jahre zur Dipl. Naturheilpraktikerin, Bodyfeet AarauBerufsbegleitend \u00fcber mehrere Jahre zur Cranio Sacral Therapeutin, Upledger Institut5 Jahre Ausbildung in Osteopathie am Swiss international College of Osteopathy Lebensschulung seit 1976 Mein Leben ausserhalb der Praxis: Als &#8222;bunter Hund&#8220; unter den Menschen bin ich gerne kreativ, besonders mit n\u00e4hen von Kleidern aus lebendigen afrikanischen Stoffen, geniesse Bewegung zu Fuss, auf dem Velo, tanzend oder schwimmend. Bin interessiert an den verschiedenen Kulturen und Lebensweisen der Menschen dieser Welt und bestaune gerne die Vielf\u00e4lltigkeit der Natur.<\/p>\n","protected":false},"author":1,"featured_media":0,"parent":0,"menu_order":0,"comment_status":"closed","ping_status":"closed","template":"","meta":{"footnotes":""},"class_list":["post-19","page","type-page","status-publish","hentry"],"_links":{"self":[{"href":"https:\/\/praxis-deiss.ch\/index.php\/wp-json\/wp\/v2\/pages\/19","targetHints":{"allow":["GET"]}}],"collection":[{"href":"https:\/\/praxis-deiss.ch\/index.php\/wp-json\/wp\/v2\/pages"}],"about":[{"href":"https:\/\/praxis-deiss.ch\/index.php\/wp-json\/wp\/v2\/types\/page"}],"author":[{"embeddable":true,"href":"https:\/\/praxis-deiss.ch\/index.php\/wp-json\/wp\/v2\/users\/1"}],"replies":[{"embeddable":true,"href":"https:\/\/praxis-deiss.ch\/index.php\/wp-json\/wp\/v2\/comments?post=19"}],"version-history":[{"count":8,"href":"https:\/\/praxis-deiss.ch\/index.php\/wp-json\/wp\/v2\/pages\/19\/revisions"}],"predecessor-version":[{"id":142,"href":"https:\/\/praxis-deiss.ch\/index.php\/wp-json\/wp\/v2\/pages\/19\/revisions\/142"}],"wp:attachment":[{"href":"https:\/\/praxis-deiss.ch\/index.php\/wp-json\/wp\/v2\/media?parent=19"}],"curies":[{"name":"wp","href":"https:\/\/api.w.org\/{rel}","templated":true}]}}