{"id":15,"date":"2026-01-02T11:08:34","date_gmt":"2026-01-02T11:08:34","guid":{"rendered":"https:\/\/praxis-deiss.ch\/?page_id=15"},"modified":"2026-02-13T19:26:57","modified_gmt":"2026-02-13T19:26:57","slug":"therapie-angebot","status":"publish","type":"page","link":"https:\/\/praxis-deiss.ch\/index.php\/therapie-angebot\/","title":{"rendered":"Therapie Angebot"},"content":{"rendered":"\n<div style=\"height:40px\" aria-hidden=\"true\" class=\"wp-block-spacer\"><\/div>\n\n\n\n<p class=\"has-black-color has-text-color has-link-color wp-elements-0bce85b585159fa825d58340c0f7e046\" style=\"font-size:20px\"><strong>Cranio-Sacraltherapie\/Therapie n. SICO<\/strong> (60min)<\/p>\n\n\n\n<ul class=\"wp-block-list has-black-color has-text-color has-link-color wp-elements-2f026a7b49582987750dc97ec41f2cec\">\n<li class=\"has-black-color has-text-color has-link-color wp-elements-03b7675e36cedf61a98bc567e383556b\">Cranio-Sacrale K\u00f6rpertherapie<\/li>\n\n\n\n<li class=\"has-black-color has-text-color has-link-color wp-elements-2999a0b28b4284eaefa6c5785f880413\">Ressourcenst\u00e4rkung<\/li>\n\n\n\n<li class=\"has-black-color has-text-color has-link-color wp-elements-031b6772dd927fe35690a9bc63f54ba8\">k\u00f6rperorientierte Prozessbegleitung<\/li>\n\n\n\n<li class=\"has-black-color has-text-color has-link-color wp-elements-a6e9fd411909d4e7cd9a6ed99a8c614e\">Frauenheilkunde\/Gyn\u00e4kologie<\/li>\n\n\n\n<li class=\"has-black-color has-text-color has-link-color wp-elements-e8d169d94feee3f9a3ddc2459da2ebb4\">M\u00e4nnerheilkunde<\/li>\n\n\n\n<li class=\"has-black-color has-text-color has-link-color wp-elements-d8ab4cbcb5624cc3a5761856890ed2a7\">Behandlung nach Unf\u00e4llen\/Operationen<\/li>\n\n\n\n<li class=\"has-black-color has-text-color has-link-color wp-elements-cbf1896aaa005a37a3fe1cd3915a5213\">Chronische Erkrankungen<\/li>\n\n\n\n<li class=\"has-black-color has-text-color has-link-color wp-elements-d9069fa180745178ff864837581e0d04\">Babies und Kinder<\/li>\n\n\n\n<li class=\"has-black-color has-text-color has-link-color wp-elements-855ecb8b2fa7538b71e1e86f49860998\">Begleitung Korrekturen Kiefer-\/Zahnstellung<\/li>\n\n\n\n<li class=\"has-black-color has-text-color has-link-color wp-elements-fb4bd31abde6c374cd5c776a89161020\">Neurologische Beschwerden<\/li>\n\n\n\n<li class=\"has-black-color has-text-color has-link-color wp-elements-54a6f1e4fdbffb4a0ddc1103e24fd85f\">Unterst\u00fctzung bei psychischen Belastungen<\/li>\n\n\n\n<li>Begleitung Pers\u00f6nlichkeitsentwicklung<\/li>\n\n\n\n<li>Beschwerden organischen Ursprunges<\/li>\n\n\n\n<li>Verdauungsbeschwerden<\/li>\n\n\n\n<li>Stoffwechselbeschwerden<\/li>\n\n\n\n<li>&#8230;<\/li>\n<\/ul>\n\n\n\n<div style=\"height:24px\" aria-hidden=\"true\" class=\"wp-block-spacer\"><\/div>\n\n\n\n<p class=\"has-black-color has-text-color has-link-color wp-elements-d3e6eb02c885d51b941c067c5003bcc1\" style=\"font-size:20px\"><strong>Naturheilkunde<\/strong> (60-90min)<\/p>\n\n\n\n<ul class=\"wp-block-list has-black-color has-text-color has-link-color wp-elements-2cf34b8c236dff9fce38a3ae3aab3f85\">\n<li class=\"has-black-color has-text-color has-link-color wp-elements-9b12adc5f2edcff9caa75150be9b0b86\">Phytotherapie\/Spagyrik\/\u00c4terische \u00d6le<\/li>\n\n\n\n<li class=\"has-black-color has-text-color has-link-color wp-elements-020a7a044786d2ca628bac0359a19b02\">Orthomolekularmedizin (Vitalstofftherapie)<\/li>\n\n\n\n<li class=\"has-black-color has-text-color has-link-color wp-elements-a6e8ce3a52512239cf210a8f44686193\">Haarmineralanalysen\/Schwermetallausleitung<\/li>\n\n\n\n<li class=\"has-black-color has-text-color has-link-color wp-elements-aad6729d2b8174e60901759005805a75\">Ern\u00e4hrungsberatung bei Intoleranzen<\/li>\n\n\n\n<li>Wird begleitend bei allen Indikationen, die unter Cranio Sacral Therapie aufgelistet sind, nach Bedarf mit einbezogen<\/li>\n<\/ul>\n\n\n\n<div style=\"height:24px\" aria-hidden=\"true\" class=\"wp-block-spacer\"><\/div>\n\n\n\n<p class=\"has-black-color has-text-color has-link-color wp-elements-51b3f6acbe39a5e3396d2fc19e881d8c\" style=\"font-size:20px\"><strong>Medizinisch-therapeutische Massagen<\/strong> (90min)<\/p>\n\n\n\n<ul class=\"wp-block-list\">\n<li class=\"has-black-color has-text-color has-link-color wp-elements-dab44456f04a634a5e42dcd387ec344f\">sanfte muskul\u00e4re und fasziale Tiefenentspannungsmassage<br><\/li>\n\n\n\n<li class=\"has-black-color has-text-color has-link-color wp-elements-2632250341cebd39aba8fd72b4134539\">sanfte ausgleichende Aromamassage mit \u00e4therischen \u00d6len<\/li>\n<\/ul>\n\n\n\n<div style=\"height:24px\" aria-hidden=\"true\" class=\"wp-block-spacer\"><\/div>\n\n\n\n<p class=\"has-black-color has-text-color has-link-color wp-elements-e359d0f31f81b813f287317a818834e0\" style=\"font-size:20px\"><strong>Fussreflexzonentherapie<\/strong> (60min)<\/p>\n\n\n\n<ul class=\"wp-block-list\">\n<li class=\"has-black-color has-text-color has-link-color wp-elements-3fd1320ed3a88d11dc47b9d5611ff019\">sanfte Stimmulierung oder Sedierung (Entspannung) der Reflexzonen, Meridiane und Akupunkturpunkte der F\u00fcsse um den K\u00f6rper in Balance zu bringen.<\/li>\n<\/ul>\n\n\n\n<div style=\"height:24px\" aria-hidden=\"true\" class=\"wp-block-spacer\"><\/div>\n\n\n\n<p class=\"has-black-color has-text-color has-link-color wp-elements-e6a4c18b07625d658b88ff8958322753\" style=\"font-size:20px\"><strong>Notf\u00e4lle<\/strong><\/p>\n\n\n\n<p class=\"has-black-color has-text-color has-link-color wp-elements-49ed8422090d778b5e6866be28d45290\">Bei folgenden Situationen nehme ich mir bald m\u00f6glichst Zeit f\u00fcr Sie:<br>Einleitung Geburt, Nachbehandlung Mutter\/Kind bei schwieriger Geburt, Komplikationen in der Schwangerschaft, frische Unf\u00e4lle\/Schleudertrauma\/Hirnersch\u00fctterung\/St\u00fcrze, akuter Bandscheibenvorfall\/Hexenschuss und \u00e4hnlich gravierende akute Zust\u00e4nde auch Organe betreffende.<\/p>\n\n\n\n<p><\/p>\n","protected":false},"excerpt":{"rendered":"<p>Cranio-Sacraltherapie\/Therapie n. SICO (60min) Naturheilkunde (60-90min) Medizinisch-therapeutische Massagen (90min) Fussreflexzonentherapie (60min) Notf\u00e4lle Bei folgenden Situationen nehme ich mir bald m\u00f6glichst Zeit f\u00fcr Sie:Einleitung Geburt, Nachbehandlung Mutter\/Kind bei schwieriger Geburt, Komplikationen in der Schwangerschaft, frische Unf\u00e4lle\/Schleudertrauma\/Hirnersch\u00fctterung\/St\u00fcrze, akuter Bandscheibenvorfall\/Hexenschuss und \u00e4hnlich gravierende akute Zust\u00e4nde auch Organe betreffende.<\/p>\n","protected":false},"author":1,"featured_media":0,"parent":0,"menu_order":0,"comment_status":"closed","ping_status":"closed","template":"","meta":{"footnotes":""},"class_list":["post-15","page","type-page","status-publish","hentry"],"_links":{"self":[{"href":"https:\/\/praxis-deiss.ch\/index.php\/wp-json\/wp\/v2\/pages\/15","targetHints":{"allow":["GET"]}}],"collection":[{"href":"https:\/\/praxis-deiss.ch\/index.php\/wp-json\/wp\/v2\/pages"}],"about":[{"href":"https:\/\/praxis-deiss.ch\/index.php\/wp-json\/wp\/v2\/types\/page"}],"author":[{"embeddable":true,"href":"https:\/\/praxis-deiss.ch\/index.php\/wp-json\/wp\/v2\/users\/1"}],"replies":[{"embeddable":true,"href":"https:\/\/praxis-deiss.ch\/index.php\/wp-json\/wp\/v2\/comments?post=15"}],"version-history":[{"count":15,"href":"https:\/\/praxis-deiss.ch\/index.php\/wp-json\/wp\/v2\/pages\/15\/revisions"}],"predecessor-version":[{"id":137,"href":"https:\/\/praxis-deiss.ch\/index.php\/wp-json\/wp\/v2\/pages\/15\/revisions\/137"}],"wp:attachment":[{"href":"https:\/\/praxis-deiss.ch\/index.php\/wp-json\/wp\/v2\/media?parent=15"}],"curies":[{"name":"wp","href":"https:\/\/api.w.org\/{rel}","templated":true}]}}